{"id":2257,"date":"2015-04-10T09:13:39","date_gmt":"2015-04-10T07:13:39","guid":{"rendered":"http:\/\/www.activemountainhotels.com\/?page_id=2257"},"modified":"2015-04-10T09:15:44","modified_gmt":"2015-04-10T07:15:44","slug":"privacy","status":"publish","type":"page","link":"https:\/\/www.activemountainhotels.com\/it\/privacy\/","title":{"rendered":"Privacy"},"content":{"rendered":"<p>Informativa resa ai sensi del Dlgs n. 196 del 30.06.2003\u00a0\u201eCODICE DELLA PRIVACY\u201c<\/p>\n<p>Ai sensi dell\u2019art. 13, Dlgs 30 giugno 2003 n. 196 INFORMIAMO che la nostra societ\u00e0 tratta dati personali di clienti e di fornitori e di soggetti che comunicano volontariamente (telefonicamente o via fax o via e-mail o tramite registrazione sul nostro sito web) i loro dati anagrafici alla nostra azienda, e di soggetti i cui dati sono stati raccolti presso terzi in occasione, ad esempio, di operazione di acquisizione di dati esterni per informazioni commerciali, elenchi pubblici ecc., nell\u2019ultimo caso trattasi esclusivamente di dati personali di natura comune.<\/p>\n<p>La nostra societ\u00e0 garantisce nell\u2019ambito delle previsioni normative che il trattamento dei dati personali si svolge nel rispetto dei diritti e delle libert\u00e0 fondamentali, nonch\u00e9 della dignit\u00e0 dell\u2019interessato, con particolare riferimento alla riservatezza, all\u2019identit\u00e0 personale e al diritto alla protezione dei dati personali.<\/p>\n<p><span class=\"title-modul-detail\">Finalit\u00e0 del trattamento:<br \/>\n<\/span>\u2022 adempiere agli obblighi di legge, dai regolamenti, dalla normativa comunitaria, da norme civilistiche e fiscali<\/p>\n<p>\u2022 adempiere agli eventuali obblighi contrattuali nei confronti del interessato<\/p>\n<p>\u2022 adempiere ad attivit\u00e0 connesse all\u2019attivit\u00e0 economica della nostra societ\u00e0, come compilazione delle anagrafiche e statistiche interne, per la fatturazione, la tenuta della contabilit\u00e0 clienti-fornitori<\/p>\n<p>\u2022 finalit\u00e0 di tipo commerciale, come invio di informazioni commerciali e materiale pubblicitario (via posta, fax ed e-mail), di marketing e ricerche di mercato<\/p>\n<p>\u2022 la tutela dei crediti e la gestione dei debiti<\/p>\n<p>\u2022 finalit\u00e0 assicurative, in particolare per assicurazioni crediti<\/p>\n<p><span class=\"title-modul-detail\">Ambito di comunicazione e diffusione:<br \/>\n<\/span>In relazione alle finalit\u00e0 di cui sopra i Suoi dati personali verranno comunicati se necessario:<\/p>\n<p>\u2022 alle Pubbliche Amministrazioni ed Autorit\u00e0, ove previsto dalla legge<\/p>\n<p>\u2022 ad Istituti di credito con i quali la ns. ditta ha rapporti per la gestione dei crediti\/debiti e l\u2019intermediazione finanziaria<\/p>\n<p>\u2022 a tutte quelle persone fisiche e\/o giuridiche, pubbliche e\/o private (studi di consulenza legale, amministrativa e fiscale, uffici giudiziari, Camere di Commercio ecc.), quando la comunicazione risulti necessaria o funzionale allo svolgimento della nostra attivit\u00e0<\/p>\n<p>\u2022 a fornitori\/produttori al fine di registrare i prodotti.<\/p>\n<p>I dati personali trattati dalla nostra societ\u00e0 non sono soggetti a diffusione.<\/p>\n<p>Modalit\u00e0 di trattamento:<br \/>\nIl trattamento potr\u00e0 effettuarsi con o senza l\u2019ausilio di mezzi elettronici e comunque automatizzati e comprender\u00e0 tutte le operazioni previste all\u2019art. 4 comma 1, lettera a, Dlgs. 30 giugno 2003 n. 196 e necessarie al trattamento in questione. Comunque il trattamento sar\u00e0 effettuato nell\u2019osservanza di ogni misura cautelativa, che ne garantisca la sicurezza e la riservatezza.<\/p>\n<p><span class=\"title-modul-detail\">Dati di navigazione Internet:<br \/>\n<\/span>I sistemi informatici e le procedure software preposte al funzionamento del sito web www.racines.info acquisiscono, nel corso del loro normale esercizio, alcuni dati personali, la cui trasmissione \u00e8 implicita nell&#8217;uso dei protocolli di comunicazione di Internet.<\/p>\n<p>Si tratta di informazioni che non sono raccolte per essere associate a interessati identificati, ma che per loro stessa natura potrebbero, attraverso elaborazioni ed associazioni con dati detenuti da terzi, permettere di identificare gli utenti. In questa categoria di dati rientrano gli indirizzi IP o i nomi di dominio dei computer utilizzati dagli utenti che si connettono al sito, gli indirizzi in notazione URI (Uniform Resource Identifier) delle risorse richieste, l&#8217;orario della richiesta ed altri parametri relativi al sistema operativo e all\u2019ambiente informatico dell&#8217;utente.<\/p>\n<p>Questi dati vengono utilizzati al solo fine di ricavare informazioni statistiche anonime sull&#8217;uso del sito e per controllarne il corretto funzionamento. I dati in questione potrebbero essere utilizzati per l&#8217;accertamento di responsabilit\u00e0 in caso di eventuali reati informatici ai danni del nostro sito.<\/p>\n<p><span class=\"title-modul-detail\">Diritti dell\u2019interessato:<br \/>\n<\/span>Il Codice della Privacy conferisce agli interessati l\u2019esercizio di specifici diritti di cui all\u2019art. 7. In particolare pu\u00f2 ottenere dal titolare la conferma dell\u2019esistenza o meno di propri dati personali che lo riguardano e la loro comunicazione in forma intelligibile. L\u2019interessato pu\u00f2 altres\u00ec chiedere di conoscere l\u2019origine dei dati, le finalit\u00e0 e modalit\u00e0 del trattamento nonch\u00e9 la logica applicata in caso trattamento effettuato con l\u2019ausilio di strumenti elettronici, l\u2019identificazione degli estremi identificativi del titolare, dei responsabili nominati e dei soggetti e categorie di soggetti ai quali i dati possono essere comunicati o che possono venire a conoscenza.<\/p>\n<p>L\u2019interessato ha il diritto di ottenere l\u2019aggiornamento, la rettificazione e l\u2019integrazione, ovvero la cancellazione, la trasformazione in via anonima o il blocco dei dati trattati in violazione di legge. L\u2019interessato ha diritto di opporsi, in tutto o in parte, per motivi legittimi, al trattamento dei dati personali che lo riguardano, e senza motivo al trattamento dei dati che lo riguardano a fini di invio di materiale pubblicitario o di vendita diretta o per il compimento di ricerche di mercato o di comunicazione commerciale.<\/p>\n<p><span class=\"title-modul-detail\">Titolare del trattamento:<\/span><\/p>\n<p><span class=\"title-modul-detail\"><strong>SAND IN TAUFERS<\/strong> Tourismus Information<br \/>\nJosef-Jungmann-Str. 8<br \/>\nI &#8211; 39032 Sand in Taufers<br \/>\nTel. +39 0474 678076<br \/>\n<a href=\"mailto:info@taufers.com\">info@taufers.com<\/a>\u00a0<\/span><\/p>\n","protected":false},"excerpt":{"rendered":"<p>Informativa resa ai sensi del Dlgs n. 196 del 30.06.2003\u00a0\u201eCODICE DELLA PRIVACY\u201c Ai sensi dell\u2019art. 13, Dlgs 30 giugno 2003 n. 196 INFORMIAMO che la nostra societ\u00e0 tratta dati personali di clienti e di fornitori e di soggetti che comunicano volontariamente (telefonicamente o via fax o via e-mail o tramite registrazione sul nostro sito web) i loro dati anagrafici alla nostra azienda, e di soggetti i cui dati sono stati raccolti presso terzi in occasione, ad esempio, di operazione di acquisizione di dati esterni per informazioni commerciali, elenchi pubblici ecc., nell\u2019ultimo caso trattasi esclusivamente di dati personali di natura comune. La nostra societ\u00e0 garantisce nell\u2019ambito delle previsioni normative che il trattamento dei dati personali si svolge nel rispetto dei diritti e delle libert\u00e0 fondamentali, nonch\u00e9 della dignit\u00e0 dell\u2019interessato, con particolare riferimento alla riservatezza, all\u2019identit\u00e0 personale e al diritto alla protezione dei dati personali. Finalit\u00e0 del trattamento: \u2022 adempiere agli obblighi di legge, dai regolamenti, dalla normativa comunitaria, da norme civilistiche e fiscali \u2022 adempiere agli eventuali obblighi contrattuali nei confronti del interessato \u2022 adempiere ad attivit\u00e0 connesse all\u2019attivit\u00e0 economica della nostra societ\u00e0, come compilazione delle anagrafiche e statistiche interne, per la fatturazione, la tenuta della contabilit\u00e0 clienti-fornitori \u2022 finalit\u00e0 di tipo commerciale, come invio di informazioni commerciali e materiale pubblicitario (via posta, fax ed e-mail), di marketing e ricerche di mercato \u2022 la tutela dei crediti e la gestione dei debiti \u2022 finalit\u00e0 assicurative, in particolare per assicurazioni crediti Ambito di comunicazione e diffusione: In relazione alle finalit\u00e0 di cui sopra i Suoi dati personali verranno comunicati se necessario: \u2022 alle Pubbliche Amministrazioni ed Autorit\u00e0, ove previsto dalla legge \u2022 ad Istituti di credito con i quali la ns. ditta ha rapporti per la gestione dei crediti\/debiti e l\u2019intermediazione finanziaria \u2022 a tutte quelle persone fisiche e\/o giuridiche, pubbliche e\/o private (studi di consulenza legale, amministrativa e fiscale, uffici giudiziari, Camere di Commercio ecc.), quando la comunicazione risulti necessaria o funzionale allo svolgimento della nostra attivit\u00e0 \u2022 a fornitori\/produttori al fine di registrare i prodotti. I dati personali trattati dalla nostra societ\u00e0 non sono soggetti a diffusione. Modalit\u00e0 di trattamento: Il trattamento potr\u00e0 effettuarsi con o senza l\u2019ausilio di mezzi elettronici e comunque automatizzati e comprender\u00e0 tutte le operazioni previste all\u2019art. 4 comma 1, lettera a, Dlgs. 30 giugno 2003 n. 196 e necessarie al trattamento in questione. Comunque il trattamento sar\u00e0 effettuato nell\u2019osservanza di ogni misura cautelativa, che ne garantisca la sicurezza e la riservatezza. Dati di navigazione Internet: I sistemi informatici e le procedure software preposte al funzionamento del sito web www.racines.info acquisiscono, nel corso del loro normale esercizio, alcuni dati personali, la cui trasmissione \u00e8 implicita nell&#8217;uso dei protocolli di comunicazione di Internet. Si tratta di informazioni che non sono raccolte per essere associate a interessati identificati, ma che per loro stessa natura potrebbero, attraverso elaborazioni ed associazioni con dati detenuti da terzi, permettere di identificare gli utenti. In questa categoria di dati rientrano gli indirizzi IP o i nomi di dominio dei computer utilizzati dagli utenti che si connettono al sito, gli indirizzi in notazione URI (Uniform Resource Identifier) delle risorse richieste, l&#8217;orario della richiesta ed altri parametri relativi al sistema operativo e all\u2019ambiente informatico dell&#8217;utente. Questi dati vengono utilizzati al solo fine di ricavare informazioni statistiche anonime sull&#8217;uso del sito e per controllarne il corretto funzionamento. I dati in questione potrebbero essere utilizzati per l&#8217;accertamento di responsabilit\u00e0 in caso di eventuali reati informatici ai danni del nostro sito. Diritti dell\u2019interessato: Il Codice della Privacy conferisce agli interessati l\u2019esercizio di specifici diritti di cui all\u2019art. 7. In particolare pu\u00f2 ottenere dal titolare la conferma dell\u2019esistenza o meno di propri dati personali che lo riguardano e la loro comunicazione in forma intelligibile. L\u2019interessato pu\u00f2 altres\u00ec chiedere di conoscere l\u2019origine dei dati, le finalit\u00e0 e modalit\u00e0 del trattamento nonch\u00e9 la logica applicata in caso trattamento effettuato con l\u2019ausilio di strumenti elettronici, l\u2019identificazione degli estremi identificativi del titolare, dei responsabili nominati e dei soggetti e categorie di soggetti ai quali i dati possono essere comunicati o che possono venire a conoscenza. L\u2019interessato ha il diritto di ottenere l\u2019aggiornamento, la rettificazione e l\u2019integrazione, ovvero la cancellazione, la trasformazione in via anonima o il blocco dei dati trattati in violazione di legge. L\u2019interessato ha diritto di opporsi, in tutto o in parte, per motivi legittimi, al trattamento dei dati personali che lo riguardano, e senza motivo al trattamento dei dati che lo riguardano a fini di invio di materiale pubblicitario o di vendita diretta o per il compimento di ricerche di mercato o di comunicazione commerciale. Titolare del trattamento: SAND IN TAUFERS Tourismus Information Josef-Jungmann-Str. 8 I &#8211; 39032 Sand in Taufers Tel. +39 0474 678076 info@taufers.com\u00a0<\/p>\n","protected":false},"author":1,"featured_media":0,"parent":0,"menu_order":0,"comment_status":"closed","ping_status":"closed","template":"","meta":{"footnotes":""},"class_list":["post-2257","page","type-page","status-publish","hentry"],"translation":{"provider":"WPGlobus","version":"3.0.0","language":"it","enabled_languages":["de","it"],"languages":{"de":{"title":true,"content":true,"excerpt":false},"it":{"title":true,"content":true,"excerpt":false}}},"yoast_head":"<!-- This site is optimized with the Yoast SEO plugin v24.9 - https:\/\/yoast.com\/wordpress\/plugins\/seo\/ -->\n<title>Privacy - Active Mountain Hotels \/ Sand in Taufers - Campo Tures<\/title>\n<meta name=\"robots\" content=\"index, follow, max-snippet:-1, max-image-preview:large, max-video-preview:-1\" \/>\n<link rel=\"canonical\" href=\"https:\/\/www.activemountainhotels.com\/privacy\/\" \/>\n<meta property=\"og:locale\" content=\"it_IT\" \/>\n<meta property=\"og:type\" content=\"article\" \/>\n<meta property=\"og:title\" content=\"Privacy - Active Mountain Hotels \/ Sand in Taufers - Campo Tures\" \/>\n<meta property=\"og:url\" content=\"https:\/\/www.activemountainhotels.com\/privacy\/\" \/>\n<meta property=\"og:site_name\" content=\"Active Mountain Hotels \/ Sand in Taufers - Campo Tures\" \/>\n<meta property=\"article:modified_time\" content=\"2015-04-10T07:15:44+00:00\" \/>\n<meta name=\"twitter:label1\" content=\"Est. reading time\" \/>\n\t<meta name=\"twitter:data1\" content=\"11 minutes\" \/>\n<script type=\"application\/ld+json\" class=\"yoast-schema-graph\">{\"@context\":\"https:\/\/schema.org\",\"@graph\":[{\"@type\":\"WebPage\",\"@id\":\"https:\/\/www.activemountainhotels.com\/privacy\/\",\"url\":\"https:\/\/www.activemountainhotels.com\/privacy\/\",\"name\":\"Privacy - Active Mountain Hotels \/ Sand in Taufers - Campo Tures\",\"isPartOf\":{\"@id\":\"https:\/\/www.activemountainhotels.com\/#website\"},\"datePublished\":\"2015-04-10T07:13:39+00:00\",\"dateModified\":\"2015-04-10T07:15:44+00:00\",\"breadcrumb\":{\"@id\":\"https:\/\/www.activemountainhotels.com\/privacy\/#breadcrumb\"},\"inLanguage\":\"it-IT\",\"potentialAction\":[{\"@type\":\"ReadAction\",\"target\":[\"https:\/\/www.activemountainhotels.com\/privacy\/\"]}]},{\"@type\":\"BreadcrumbList\",\"@id\":\"https:\/\/www.activemountainhotels.com\/privacy\/#breadcrumb\",\"itemListElement\":[{\"@type\":\"ListItem\",\"position\":1,\"name\":\"Home\",\"item\":\"https:\/\/www.activemountainhotels.com\/\"},{\"@type\":\"ListItem\",\"position\":2,\"name\":\"Privacy\"}]},{\"@type\":\"WebSite\",\"@id\":\"https:\/\/www.activemountainhotels.com\/#website\",\"url\":\"https:\/\/www.activemountainhotels.com\/\",\"name\":\"Active Mountain Hotels \/ Sand in Taufers - Campo Tures\",\"description\":\"\",\"potentialAction\":[{\"@type\":\"SearchAction\",\"target\":{\"@type\":\"EntryPoint\",\"urlTemplate\":\"https:\/\/www.activemountainhotels.com\/?s={search_term_string}\"},\"query-input\":{\"@type\":\"PropertyValueSpecification\",\"valueRequired\":true,\"valueName\":\"search_term_string\"}}],\"inLanguage\":\"it-IT\"}]}<\/script>\n<!-- \/ Yoast SEO plugin. -->","yoast_head_json":{"title":"Privacy - Active Mountain Hotels \/ Sand in Taufers - Campo Tures","robots":{"index":"index","follow":"follow","max-snippet":"max-snippet:-1","max-image-preview":"max-image-preview:large","max-video-preview":"max-video-preview:-1"},"canonical":"https:\/\/www.activemountainhotels.com\/privacy\/","og_locale":"it_IT","og_type":"article","og_title":"Privacy - Active Mountain Hotels \/ Sand in Taufers - Campo Tures","og_url":"https:\/\/www.activemountainhotels.com\/privacy\/","og_site_name":"Active Mountain Hotels \/ Sand in Taufers - Campo Tures","article_modified_time":"2015-04-10T07:15:44+00:00","twitter_misc":{"Est. reading time":"11 minutes"},"schema":{"@context":"https:\/\/schema.org","@graph":[{"@type":"WebPage","@id":"https:\/\/www.activemountainhotels.com\/privacy\/","url":"https:\/\/www.activemountainhotels.com\/privacy\/","name":"Privacy - Active Mountain Hotels \/ Sand in Taufers - Campo Tures","isPartOf":{"@id":"https:\/\/www.activemountainhotels.com\/#website"},"datePublished":"2015-04-10T07:13:39+00:00","dateModified":"2015-04-10T07:15:44+00:00","breadcrumb":{"@id":"https:\/\/www.activemountainhotels.com\/privacy\/#breadcrumb"},"inLanguage":"it-IT","potentialAction":[{"@type":"ReadAction","target":["https:\/\/www.activemountainhotels.com\/privacy\/"]}]},{"@type":"BreadcrumbList","@id":"https:\/\/www.activemountainhotels.com\/privacy\/#breadcrumb","itemListElement":[{"@type":"ListItem","position":1,"name":"Home","item":"https:\/\/www.activemountainhotels.com\/"},{"@type":"ListItem","position":2,"name":"Privacy"}]},{"@type":"WebSite","@id":"https:\/\/www.activemountainhotels.com\/#website","url":"https:\/\/www.activemountainhotels.com\/","name":"Active Mountain Hotels \/ Sand in Taufers - Campo Tures","description":"","potentialAction":[{"@type":"SearchAction","target":{"@type":"EntryPoint","urlTemplate":"https:\/\/www.activemountainhotels.com\/?s={search_term_string}"},"query-input":{"@type":"PropertyValueSpecification","valueRequired":true,"valueName":"search_term_string"}}],"inLanguage":"it-IT"}]}},"_links":{"self":[{"href":"https:\/\/www.activemountainhotels.com\/it\/wp-json\/wp\/v2\/pages\/2257"}],"collection":[{"href":"https:\/\/www.activemountainhotels.com\/it\/wp-json\/wp\/v2\/pages"}],"about":[{"href":"https:\/\/www.activemountainhotels.com\/it\/wp-json\/wp\/v2\/types\/page"}],"author":[{"embeddable":true,"href":"https:\/\/www.activemountainhotels.com\/it\/wp-json\/wp\/v2\/users\/1"}],"replies":[{"embeddable":true,"href":"https:\/\/www.activemountainhotels.com\/it\/wp-json\/wp\/v2\/comments?post=2257"}],"version-history":[{"count":4,"href":"https:\/\/www.activemountainhotels.com\/it\/wp-json\/wp\/v2\/pages\/2257\/revisions"}],"predecessor-version":[{"id":2259,"href":"https:\/\/www.activemountainhotels.com\/it\/wp-json\/wp\/v2\/pages\/2257\/revisions\/2259"}],"wp:attachment":[{"href":"https:\/\/www.activemountainhotels.com\/it\/wp-json\/wp\/v2\/media?parent=2257"}],"curies":[{"name":"wp","href":"https:\/\/api.w.org\/{rel}","templated":true}]}}